{"id":788,"date":"2018-08-29T19:24:22","date_gmt":"2018-08-29T22:24:22","guid":{"rendered":"https:\/\/isfd7-bue.infd.edu.ar\/sitio\/datos-institucionales\/"},"modified":"2023-10-30T19:50:51","modified_gmt":"2023-10-30T22:50:51","slug":"datos-institucionales","status":"publish","type":"page","link":"https:\/\/isfd7-bue.infd.edu.ar\/sitio\/datos-institucionales\/","title":{"rendered":"El Instituto-Contactos"},"content":{"rendered":"<blockquote>\n<p style=\"text-align: center;\"><strong><span style=\"font-size: 10pt; font-family: verdana; color: #ff0000;\"><span style=\"font-family: verdana,geneva;\"><span style=\"font-size: 12pt;\">Instituto Superior de Formaci\u00f3n Docente y T\u00e9cnica Nro. 7.<\/span><\/span><\/span><\/strong><\/p>\n<ul>\n<li><span style=\"font-size: 10pt; font-family: verdana;\">Horarios de atenci\u00f3n: Lunes a Viernes de 8:00 a 12:30 y de 17:45 a 22:15<\/span><\/li>\n<li><span style=\"font-size: 10pt; font-family: verdana;\">Direcci\u00f3n: Calle 24 Nro. 338 &#8211; Mercedes &#8211; Bs. As<\/span><\/li>\n<li><span style=\"font-size: 10pt; font-family: verdana;\">E-mail de consultas: <a href=\"mailto:is070007@abc.gov.ar\">isfdyt7mercedes@abc.gob.ar<\/a><\/span><\/li>\n<li><span style=\"font-size: 10pt; font-family: verdana;\"><img decoding=\"async\" loading=\"lazy\" class=\"\" src=\"https:\/\/upload.wikimedia.org\/wikipedia\/commons\/thumb\/9\/95\/Instagram_logo_2022.svg\/1200px-Instagram_logo_2022.svg.png\" alt=\"Instagram - Wikipedia, la enciclopedia libre\" width=\"22\" height=\"22\"> instituto_7mercedes<\/span><\/li>\n<li><img decoding=\"async\" loading=\"lazy\" class=\"\" src=\"https:\/\/upload.wikimedia.org\/wikipedia\/commons\/thumb\/b\/b8\/2021_Facebook_icon.svg\/2048px-2021_Facebook_icon.svg.png\" alt=\"Archivo:2021 Facebook icon.svg - Wikipedia, la enciclopedia libre\" width=\"23\" height=\"23\"> <span style=\"font-size: 10pt; font-family: verdana;\">biblioteca instsiete<\/span><\/li>\n<\/ul>\n<\/blockquote>\n","protected":false},"excerpt":{"rendered":"<p>Instituto Superior de Formaci\u00f3n Docente y T\u00e9cnica Nro. 7. Horarios de atenci\u00f3n: Lunes a Viernes de 8:00 a 12:30 y de 17:45 a 22:15 Direcci\u00f3n: Calle 24 Nro. 338 &#8211; Mercedes &#8211; Bs. As E-mail de consultas: isfdyt7mercedes@abc.gob.ar instituto_7mercedes biblioteca instsiete<\/p>\n","protected":false},"author":801,"featured_media":0,"parent":0,"menu_order":1,"comment_status":"closed","ping_status":"closed","template":"","meta":[],"acf":[],"_links":{"self":[{"href":"https:\/\/isfd7-bue.infd.edu.ar\/sitio\/wp-json\/wp\/v2\/pages\/788"}],"collection":[{"href":"https:\/\/isfd7-bue.infd.edu.ar\/sitio\/wp-json\/wp\/v2\/pages"}],"about":[{"href":"https:\/\/isfd7-bue.infd.edu.ar\/sitio\/wp-json\/wp\/v2\/types\/page"}],"author":[{"embeddable":true,"href":"https:\/\/isfd7-bue.infd.edu.ar\/sitio\/wp-json\/wp\/v2\/users\/801"}],"replies":[{"embeddable":true,"href":"https:\/\/isfd7-bue.infd.edu.ar\/sitio\/wp-json\/wp\/v2\/comments?post=788"}],"version-history":[{"count":5,"href":"https:\/\/isfd7-bue.infd.edu.ar\/sitio\/wp-json\/wp\/v2\/pages\/788\/revisions"}],"predecessor-version":[{"id":1014,"href":"https:\/\/isfd7-bue.infd.edu.ar\/sitio\/wp-json\/wp\/v2\/pages\/788\/revisions\/1014"}],"wp:attachment":[{"href":"https:\/\/isfd7-bue.infd.edu.ar\/sitio\/wp-json\/wp\/v2\/media?parent=788"}],"curies":[{"name":"wp","href":"https:\/\/api.w.org\/{rel}","templated":true}]}}