{"id":286,"date":"2016-10-31T13:17:59","date_gmt":"2016-10-31T16:17:59","guid":{"rendered":"https:\/\/isfd7-bue.infd.edu.ar\/sitio\/?page_id=286"},"modified":"2023-10-30T21:50:24","modified_gmt":"2023-10-31T00:50:24","slug":"inicio","status":"publish","type":"page","link":"https:\/\/isfd7-bue.infd.edu.ar\/sitio\/","title":{"rendered":"Carreras"},"content":{"rendered":"<div id=\"metaslider-id-403\" style=\"width: 100%;\" class=\"ml-slider-3-33-0 metaslider metaslider-flex metaslider-403 ml-slider ms-theme-default\" role=\"region\" aria-roledescription=\"Slideshow\" aria-label=\"Slideshow\">\n    <div id=\"metaslider_container_403\">\n        <div id=\"metaslider_403\" class=\"flexslider\">\n            <ul aria-live=\"polite\" class=\"slides\">\n            <\/ul>\n        <\/div>\n        \n    <\/div>\n<\/div>\n<h1>\u200b<\/h1>\n<table id=\"table1\" style=\"border-top-width: 0px; border-left-width: 0px; border-right-width: 0px; width: 500px;\" border=\"1\" cellspacing=\"0\" cellpadding=\"10\"><\/table>\n<table id=\"table1\" style=\"width: 862px; height: 1653px;\" border=\"1\" cellspacing=\"0\" cellpadding=\"10\" align=\"center\">\n<tbody>\n<tr>\n<td style=\"border: 1px solid;\">\n<h2 style=\"text-align: center;\"><span style=\"color: #e8d587;\"><strong>INSTITUTO SUPERIOR DE FORMACI\u00d3N DOCENTE Y T\u00c9CNICA N\u00b07<\/strong><\/span><\/p>\n<p><span style=\"color: #e8d587;\"><strong>\u00a0 \u00a0 \u00a0 \u00a0 \u00a0 \u00a0 \u00a0 \u00a0 \u00a0 \u00a0 \u00a0 \u00a0 \u00a0 MERCEDES Provincia de Buenos Aires\u00a0 \u00a0 \u00a0 \u00a0 \u00a0 \u00a0 \u00a0 \u00a0 \u00a0 \u00a0 \u00a0 \u00a0 \u00a0 \u00a0 \u00a0 \u00a0 \u00a0 \u00a0 \u00a0 \u00a0<\/strong><\/span><br \/><span style=\"color: #ffcc00;\"><strong>\u00a0<\/strong><\/span><\/h2>\n<p style=\"text-align: center;\"><img decoding=\"async\" loading=\"lazy\" class=\"alignnone wp-image-996 size-full\" src=\"https:\/\/isfd7-bue.infd.edu.ar\/sitio\/wp-content\/uploads\/2023\/10\/370119941_1883084055426568_8028148691544214066_n.jpg\" alt=\"\" width=\"720\" height=\"816\" \/><\/p>\n<p style=\"text-align: center;\"><span style=\"color: #e8d587;\"><span style=\"font-size: 10pt; font-family: Verdana;\">E<\/span><span style=\"font-size: 10pt; font-family: Verdana;\">ste Instituto Superior de Formaci\u00f3n Docente forma parte del sistema de educaci\u00f3n p\u00fablica de gesti\u00f3n estatal.<\/span><\/span><\/p>\n<h3 style=\"text-align: center;\"><span style=\"color: #e8d587;\">CICLO LECTIVO 2023<\/span><\/h3>\n<h2 style=\"text-align: center;\"><span style=\"color: #e8d587;\">PROFESORADOS<\/span><\/h2>\n<p><span style=\"color: #e8d587;\"><strong>EDUCACI\u00d3N ESPECIAL ORIENTACI\u00d3N DISCAPACIDAD INTELECTUAL\u00a0<\/strong><\/span><\/p>\n<p><span style=\"color: #e8d587;\"><strong>EDUCACI\u00d3N SECUNDARIA EN HISTORIA<\/strong><\/span><\/p>\n<p><span style=\"color: #e8d587;\"><strong>EDUCACI\u00d3N SECUNDARIA EN GEOGRAF\u00cdA<\/strong><\/span><\/p>\n<p><span style=\"color: #e8d587;\"><strong>EDUCACI\u00d3N SECUNDARIA EN LENGUA Y LITERATURA\u00a0<\/strong><\/span><\/p>\n<p><span style=\"color: #e8d587;\"><strong>EDUCACI\u00d3N SECUNDARIA EN MATEM\u00c1TICA<\/strong><\/span><\/p>\n<h2 style=\"text-align: center;\"><span style=\"color: #e8d587;\">TECNICATURAS<\/span><\/h2>\n<p style=\"text-align: center;\"><span style=\"color: #e8d587;\"><strong>TECNICATURA SUPERIOR EN ADMINISTRACI\u00d3N DE PYMES<\/strong><\/span><\/p>\n<p style=\"text-align: center;\"><span style=\"color: #e8d587;\"><strong>TECNICATURA SUPERIOR EN GESTI\u00d3N AMBIENTAL Y SALUD <\/strong><\/span><\/p>\n<p style=\"text-align: center;\"><span style=\"color: #e8d587;\"><strong>TECNICATURA SUPEIOR EN COMUNICACION MULTIMEDIAL<\/strong><\/span><\/p>\n<\/td>\n<\/tr>\n<\/tbody>\n<\/table>\n<p><!--more--> <!--more--> <!--more--><\/p>\n","protected":false},"excerpt":{"rendered":"<p>\u200b INSTITUTO SUPERIOR DE FORMACI\u00d3N DOCENTE Y T\u00c9CNICA N\u00b07 \u00a0 \u00a0 \u00a0 \u00a0 \u00a0 \u00a0 \u00a0 \u00a0 \u00a0 \u00a0 \u00a0 \u00a0 \u00a0 MERCEDES Provincia de Buenos Aires\u00a0 \u00a0 \u00a0 \u00a0 \u00a0 \u00a0 \u00a0 \u00a0 \u00a0 \u00a0 \u00a0 \u00a0 \u00a0 \u00a0 \u00a0 \u00a0 \u00a0 \u00a0 \u00a0 \u00a0\u00a0 Este Instituto Superior de Formaci\u00f3n Docente forma parte del &#8230; <a title=\"Carreras\" class=\"read-more\" href=\"https:\/\/isfd7-bue.infd.edu.ar\/sitio\/\" aria-label=\"More on Carreras\">[+]<\/a><\/p>\n","protected":false},"author":1,"featured_media":0,"parent":0,"menu_order":3,"comment_status":"closed","ping_status":"closed","template":"","meta":[],"acf":[],"_links":{"self":[{"href":"https:\/\/isfd7-bue.infd.edu.ar\/sitio\/wp-json\/wp\/v2\/pages\/286"}],"collection":[{"href":"https:\/\/isfd7-bue.infd.edu.ar\/sitio\/wp-json\/wp\/v2\/pages"}],"about":[{"href":"https:\/\/isfd7-bue.infd.edu.ar\/sitio\/wp-json\/wp\/v2\/types\/page"}],"author":[{"embeddable":true,"href":"https:\/\/isfd7-bue.infd.edu.ar\/sitio\/wp-json\/wp\/v2\/users\/1"}],"replies":[{"embeddable":true,"href":"https:\/\/isfd7-bue.infd.edu.ar\/sitio\/wp-json\/wp\/v2\/comments?post=286"}],"version-history":[{"count":126,"href":"https:\/\/isfd7-bue.infd.edu.ar\/sitio\/wp-json\/wp\/v2\/pages\/286\/revisions"}],"predecessor-version":[{"id":1053,"href":"https:\/\/isfd7-bue.infd.edu.ar\/sitio\/wp-json\/wp\/v2\/pages\/286\/revisions\/1053"}],"wp:attachment":[{"href":"https:\/\/isfd7-bue.infd.edu.ar\/sitio\/wp-json\/wp\/v2\/media?parent=286"}],"curies":[{"name":"wp","href":"https:\/\/api.w.org\/{rel}","templated":true}]}}